{"id":1873,"date":"2023-09-28T14:21:21","date_gmt":"2023-09-28T18:21:21","guid":{"rendered":"https:\/\/internationalfloors.ca\/hardwood-floor-blog\/"},"modified":"2025-03-26T11:26:44","modified_gmt":"2025-03-26T15:26:44","slug":"blogue-plancher-bois","status":"publish","type":"page","link":"https:\/\/internationalfloors.ca\/fr\/blogue-plancher-bois\/","title":{"rendered":"Blogue"},"content":{"rendered":"\t\t<div data-elementor-type=\"wp-page\" data-elementor-id=\"1873\" class=\"elementor elementor-1873\">\n\t\t\t\t\t\t<section class=\"elementor-section elementor-top-section elementor-element elementor-element-b48b683 elementor-section-height-min-height elementor-section-boxed elementor-section-height-default elementor-section-items-middle\" data-id=\"b48b683\" data-element_type=\"section\" data-settings=\"{&quot;background_background&quot;:&quot;classic&quot;}\">\n\t\t\t\t\t\t\t<div class=\"elementor-background-overlay\"><\/div>\n\t\t\t\t\t\t\t<div class=\"elementor-container elementor-column-gap-default\">\n\t\t\t\t\t<div class=\"elementor-column elementor-col-100 elementor-top-column elementor-element elementor-element-b0f9636\" data-id=\"b0f9636\" data-element_type=\"column\">\n\t\t\t<div class=\"elementor-widget-wrap elementor-element-populated\">\n\t\t\t\t\t\t<div class=\"elementor-element elementor-element-b938bc9 elementor-widget elementor-widget-heading\" data-id=\"b938bc9\" data-element_type=\"widget\" data-widget_type=\"heading.default\">\n\t\t\t\t<div class=\"elementor-widget-container\">\n\t\t\t\t\t<h1 class=\"elementor-heading-title elementor-size-default\">BLOGUE DE PLANCHERS INTERNATIONAL :<\/h1>\t\t\t\t<\/div>\n\t\t\t\t<\/div>\n\t\t\t\t<div class=\"elementor-element elementor-element-5181098 elementor-widget elementor-widget-heading\" data-id=\"5181098\" data-element_type=\"widget\" data-widget_type=\"heading.default\">\n\t\t\t\t<div class=\"elementor-widget-container\">\n\t\t\t\t\t<h2 class=\"elementor-heading-title elementor-size-default\">TOUT CE QUE VOUS VOULEZ SAVOIR <br \/>\u00c0 PROPOS DES PLANCHERS DE BOIS FRANC<\/h2>\t\t\t\t<\/div>\n\t\t\t\t<\/div>\n\t\t\t\t\t<\/div>\n\t\t<\/div>\n\t\t\t\t\t<\/div>\n\t\t<\/section>\n\t\t\t\t<section class=\"elementor-section elementor-top-section elementor-element elementor-element-a2e72bc elementor-section-boxed elementor-section-height-default elementor-section-height-default\" data-id=\"a2e72bc\" data-element_type=\"section\">\n\t\t\t\t\t\t<div class=\"elementor-container elementor-column-gap-default\">\n\t\t\t\t\t<div class=\"elementor-column elementor-col-100 elementor-top-column elementor-element elementor-element-3880609\" data-id=\"3880609\" data-element_type=\"column\">\n\t\t\t<div class=\"elementor-widget-wrap elementor-element-populated\">\n\t\t\t\t\t\t<div class=\"elementor-element elementor-element-40d16a2 elementor-widget elementor-widget-raven-posts\" data-id=\"40d16a2\" data-element_type=\"widget\" data-settings=\"{&quot;classic_columns&quot;:&quot;1&quot;,&quot;query_posts_per_page&quot;:10,&quot;classic_show_pagination&quot;:&quot;yes&quot;,&quot;_skin&quot;:&quot;classic&quot;,&quot;classic_layout&quot;:&quot;grid&quot;,&quot;classic_columns_tablet&quot;:&quot;2&quot;,&quot;classic_columns_mobile&quot;:&quot;1&quot;,&quot;classic_pagination_type&quot;:&quot;page_based&quot;,&quot;query_offset&quot;:0}\" data-widget_type=\"raven-posts.classic\">\n\t\t\t\t<div class=\"elementor-widget-container\">\n\t\t\t\t\t\t\t<div class=\"raven-posts raven-grid raven-grid-1 raven-grid-mobile-1 raven-grid-tablet-2\" data-post-id=\"1873\" data-archive-query=\"\" data-lang=\"\">\r\n\t\t\t\t<div class=\"raven-grid-item raven-post-item post-1869 post type-post status-publish format-standard has-post-thumbnail hentry category-finition-planchers category-vernissage-planchers\">\r\n\t\t\t<div class=\"raven-post\">\r\n\t\t\t\t\t\t<div class=\"raven-post-image-wrap\">\r\n\t\t\t<a class=\"raven-post-image raven-image-fit\" href=\"https:\/\/internationalfloors.ca\/fr\/finition-planchers\/cout-sablage-finition-planchers-bois-franc\/\"><img fetchpriority=\"high\" decoding=\"async\" width=\"1200\" height=\"800\" src=\"https:\/\/internationalfloors.ca\/wp-content\/uploads\/hardwood-floor-sanding-cost-1200x800.jpg\" class=\"attachment-large size-large wp-image-1867\" alt=\"hardwood floor sanding and refinishing cost\" srcset=\"https:\/\/internationalfloors.ca\/wp-content\/uploads\/hardwood-floor-sanding-cost-1200x800.jpg 1200w, https:\/\/internationalfloors.ca\/wp-content\/uploads\/hardwood-floor-sanding-cost-600x400.jpg 600w, https:\/\/internationalfloors.ca\/wp-content\/uploads\/hardwood-floor-sanding-cost-1536x1025.jpg 1536w, https:\/\/internationalfloors.ca\/wp-content\/uploads\/hardwood-floor-sanding-cost.jpg 1700w\" sizes=\"(max-width: 1200px) 100vw, 1200px\" \/> <span class=\"raven-post-image-overlay\"><\/span><\/a>\t\t<\/div>\r\n\t\t\t\t\t\t<div class=\"raven-post-content\">\r\n\t\t\t\t\t<h3 class=\"raven-post-title\"><a class=\"raven-post-title-link\" href=\"https:\/\/internationalfloors.ca\/fr\/finition-planchers\/cout-sablage-finition-planchers-bois-franc\/\">Co\u00fbt du sablage et de la finition de planchers de bois franc<\/a><\/h3>\t\t<div class=\"raven-post-meta\"><a class=\"raven-post-meta-item raven-post-date\" href=\"https:\/\/internationalfloors.ca\/fr\/2025\/03\/\" rel=\"bookmark\">26 mars 2025<\/a><\/div>\r\n\t\t<div class=\"raven-post-excerpt\">Co\u00fbt du sablage et de la finition de planchers de bois franc Le sablage et la finition des planchers de bois franc est un excellent moyen de leur redonner leur<\/div>\t\t<div class=\"raven-post-read-more\">\r\n\t\t\t<a class=\"raven-post-button\" href=\"https:\/\/internationalfloors.ca\/fr\/finition-planchers\/cout-sablage-finition-planchers-bois-franc\/\"><span class=\"raven-post-button-text\">Lire l'article<\/span><\/a>\r\n\t\t<\/div>\r\n\t\t\t\t\t\t<\/div>\r\n\t\t\t<\/div>\r\n\t\t<\/div>\r\n\t\t\t\t<div class=\"raven-grid-item raven-post-item post-1884 post type-post status-publish format-standard has-post-thumbnail hentry category-finition-planchers category-installation-planchers\">\r\n\t\t\t<div class=\"raven-post\">\r\n\t\t\t\t\t\t<div class=\"raven-post-image-wrap\">\r\n\t\t\t<a class=\"raven-post-image raven-image-fit\" href=\"https:\/\/internationalfloors.ca\/fr\/finition-planchers\/cout-installation-plancher-bois-franc\/\"><img decoding=\"async\" width=\"1200\" height=\"800\" src=\"https:\/\/internationalfloors.ca\/wp-content\/uploads\/hardwood-floor-installation-1200x800.jpg\" class=\"attachment-large size-large wp-image-1133\" alt=\"hardwood floor installation\" srcset=\"https:\/\/internationalfloors.ca\/wp-content\/uploads\/hardwood-floor-installation-1200x800.jpg 1200w, https:\/\/internationalfloors.ca\/wp-content\/uploads\/hardwood-floor-installation-600x400.jpg 600w, https:\/\/internationalfloors.ca\/wp-content\/uploads\/hardwood-floor-installation-1536x1024.jpg 1536w, https:\/\/internationalfloors.ca\/wp-content\/uploads\/hardwood-floor-installation.jpg 1700w\" sizes=\"(max-width: 1200px) 100vw, 1200px\" \/> <span class=\"raven-post-image-overlay\"><\/span><\/a>\t\t<\/div>\r\n\t\t\t\t\t\t<div class=\"raven-post-content\">\r\n\t\t\t\t\t<h3 class=\"raven-post-title\"><a class=\"raven-post-title-link\" href=\"https:\/\/internationalfloors.ca\/fr\/finition-planchers\/cout-installation-plancher-bois-franc\/\">Co\u00fbt d\u2019installation d\u2019un plancher de bois franc : \u00e0 quoi s&rsquo;attendre ?<\/a><\/h3>\t\t<div class=\"raven-post-meta\"><a class=\"raven-post-meta-item raven-post-date\" href=\"https:\/\/internationalfloors.ca\/fr\/2022\/09\/\" rel=\"bookmark\">23 septembre 2022<\/a><\/div>\r\n\t\t<div class=\"raven-post-excerpt\">Co\u00fbt d\u2019installation d\u2019un plancher de bois franc : \u00e0 quoi s&rsquo;attendre ? Si vous souhaitez installer un nouveau rev\u00eatement de sol chez vous, l&rsquo;\u00e9l\u00e9gance naturelle et la chaleur du bois<\/div>\t\t<div class=\"raven-post-read-more\">\r\n\t\t\t<a class=\"raven-post-button\" href=\"https:\/\/internationalfloors.ca\/fr\/finition-planchers\/cout-installation-plancher-bois-franc\/\"><span class=\"raven-post-button-text\">Lire l'article<\/span><\/a>\r\n\t\t<\/div>\r\n\t\t\t\t\t\t<\/div>\r\n\t\t\t<\/div>\r\n\t\t<\/div>\r\n\t\t\t\t<\/div>\r\n\t\t\t\t\t\t<\/div>\n\t\t\t\t<\/div>\n\t\t\t\t\t<\/div>\n\t\t<\/div>\n\t\t\t\t\t<\/div>\n\t\t<\/section>\n\t\t\t\t<\/div>\n\t\t","protected":false},"excerpt":{"rendered":"<p>BLOGUE DE PLANCHERS INTERNATIONAL : TOUT CE QUE VOUS VOULEZ SAVOIR \u00c0 PROPOS DES PLANCHERS DE BOIS FRANC Co\u00fbt du sablage et de la finition de planchers de bois franc 26 March 2025 Co\u00fbt du sablage et de la finition de planchers de bois franc Le sablage et la finition des planchers de bois franc [&hellip;]<\/p>\n","protected":false},"author":2,"featured_media":0,"parent":0,"menu_order":0,"comment_status":"closed","ping_status":"closed","template":"elementor_header_footer","meta":{"_acf_changed":false,"footnotes":""},"class_list":["post-1873","page","type-page","status-publish","hentry"],"acf":[],"yoast_head":"<!-- This site is optimized with the Yoast SEO plugin v27.4 - https:\/\/yoast.com\/product\/yoast-seo-wordpress\/ -->\n<title>Blogue de Planchers International: Pose et Finition de Planchers<\/title>\n<meta name=\"description\" content=\"D\u00e9couvrez nos conseils d&#039;experts pour la pose, le sablage, la teinture et la r\u00e9novation de vos planchers de bois franc.\" \/>\n<meta name=\"robots\" content=\"index, follow, max-snippet:-1, max-image-preview:large, max-video-preview:-1\" \/>\n<link rel=\"canonical\" href=\"https:\/\/internationalfloors.ca\/fr\/blogue-plancher-bois\/\" \/>\n<meta property=\"og:locale\" content=\"fr_CA\" \/>\n<meta property=\"og:type\" content=\"article\" \/>\n<meta property=\"og:title\" content=\"Blogue de Planchers International: Pose et Finition de Planchers\" \/>\n<meta property=\"og:description\" content=\"D\u00e9couvrez nos conseils d&#039;experts pour la pose, le sablage, la teinture et la r\u00e9novation de vos planchers de bois franc.\" \/>\n<meta property=\"og:url\" content=\"https:\/\/internationalfloors.ca\/fr\/blogue-plancher-bois\/\" \/>\n<meta property=\"og:site_name\" content=\"International Floors\" \/>\n<meta property=\"article:modified_time\" content=\"2025-03-26T15:26:44+00:00\" \/>\n<meta property=\"og:image\" content=\"https:\/\/internationalfloors.ca\/wp-content\/uploads\/hardwood-floor-sanding-cost-1200x800.jpg\" \/>\n<meta name=\"twitter:card\" content=\"summary_large_image\" \/>\n<script type=\"application\/ld+json\" class=\"yoast-schema-graph\">{\"@context\":\"https:\\\/\\\/schema.org\",\"@graph\":[{\"@type\":\"WebPage\",\"@id\":\"https:\\\/\\\/internationalfloors.ca\\\/fr\\\/blogue-plancher-bois\\\/\",\"url\":\"https:\\\/\\\/internationalfloors.ca\\\/fr\\\/blogue-plancher-bois\\\/\",\"name\":\"Blogue de Planchers International: Pose et Finition de Planchers\",\"isPartOf\":{\"@id\":\"https:\\\/\\\/internationalfloors.ca\\\/fr\\\/#website\"},\"primaryImageOfPage\":{\"@id\":\"https:\\\/\\\/internationalfloors.ca\\\/fr\\\/blogue-plancher-bois\\\/#primaryimage\"},\"image\":{\"@id\":\"https:\\\/\\\/internationalfloors.ca\\\/fr\\\/blogue-plancher-bois\\\/#primaryimage\"},\"thumbnailUrl\":\"https:\\\/\\\/internationalfloors.ca\\\/wp-content\\\/uploads\\\/hardwood-floor-sanding-cost-1200x800.jpg\",\"datePublished\":\"2023-09-28T18:21:21+00:00\",\"dateModified\":\"2025-03-26T15:26:44+00:00\",\"description\":\"D\u00e9couvrez nos conseils d'experts pour la pose, le sablage, la teinture et la r\u00e9novation de vos planchers de bois franc.\",\"breadcrumb\":{\"@id\":\"https:\\\/\\\/internationalfloors.ca\\\/fr\\\/blogue-plancher-bois\\\/#breadcrumb\"},\"inLanguage\":\"fr-CA\",\"potentialAction\":[{\"@type\":\"ReadAction\",\"target\":[\"https:\\\/\\\/internationalfloors.ca\\\/fr\\\/blogue-plancher-bois\\\/\"]}]},{\"@type\":\"ImageObject\",\"inLanguage\":\"fr-CA\",\"@id\":\"https:\\\/\\\/internationalfloors.ca\\\/fr\\\/blogue-plancher-bois\\\/#primaryimage\",\"url\":\"https:\\\/\\\/internationalfloors.ca\\\/wp-content\\\/uploads\\\/hardwood-floor-sanding-cost-1200x800.jpg\",\"contentUrl\":\"https:\\\/\\\/internationalfloors.ca\\\/wp-content\\\/uploads\\\/hardwood-floor-sanding-cost-1200x800.jpg\"},{\"@type\":\"BreadcrumbList\",\"@id\":\"https:\\\/\\\/internationalfloors.ca\\\/fr\\\/blogue-plancher-bois\\\/#breadcrumb\",\"itemListElement\":[{\"@type\":\"ListItem\",\"position\":1,\"name\":\"Home\",\"item\":\"https:\\\/\\\/internationalfloors.ca\\\/fr\\\/\"},{\"@type\":\"ListItem\",\"position\":2,\"name\":\"Blogue\"}]},{\"@type\":\"WebSite\",\"@id\":\"https:\\\/\\\/internationalfloors.ca\\\/fr\\\/#website\",\"url\":\"https:\\\/\\\/internationalfloors.ca\\\/fr\\\/\",\"name\":\"International Floors\",\"description\":\"\",\"potentialAction\":[{\"@type\":\"SearchAction\",\"target\":{\"@type\":\"EntryPoint\",\"urlTemplate\":\"https:\\\/\\\/internationalfloors.ca\\\/fr\\\/?s={search_term_string}\"},\"query-input\":{\"@type\":\"PropertyValueSpecification\",\"valueRequired\":true,\"valueName\":\"search_term_string\"}}],\"inLanguage\":\"fr-CA\"}]}<\/script>\n<!-- \/ Yoast SEO plugin. -->","yoast_head_json":{"title":"Blogue de Planchers International: Pose et Finition de Planchers","description":"D\u00e9couvrez nos conseils d'experts pour la pose, le sablage, la teinture et la r\u00e9novation de vos planchers de bois franc.","robots":{"index":"index","follow":"follow","max-snippet":"max-snippet:-1","max-image-preview":"max-image-preview:large","max-video-preview":"max-video-preview:-1"},"canonical":"https:\/\/internationalfloors.ca\/fr\/blogue-plancher-bois\/","og_locale":"fr_CA","og_type":"article","og_title":"Blogue de Planchers International: Pose et Finition de Planchers","og_description":"D\u00e9couvrez nos conseils d'experts pour la pose, le sablage, la teinture et la r\u00e9novation de vos planchers de bois franc.","og_url":"https:\/\/internationalfloors.ca\/fr\/blogue-plancher-bois\/","og_site_name":"International Floors","article_modified_time":"2025-03-26T15:26:44+00:00","og_image":[{"url":"https:\/\/internationalfloors.ca\/wp-content\/uploads\/hardwood-floor-sanding-cost-1200x800.jpg","type":"","width":"","height":""}],"twitter_card":"summary_large_image","schema":{"@context":"https:\/\/schema.org","@graph":[{"@type":"WebPage","@id":"https:\/\/internationalfloors.ca\/fr\/blogue-plancher-bois\/","url":"https:\/\/internationalfloors.ca\/fr\/blogue-plancher-bois\/","name":"Blogue de Planchers International: Pose et Finition de Planchers","isPartOf":{"@id":"https:\/\/internationalfloors.ca\/fr\/#website"},"primaryImageOfPage":{"@id":"https:\/\/internationalfloors.ca\/fr\/blogue-plancher-bois\/#primaryimage"},"image":{"@id":"https:\/\/internationalfloors.ca\/fr\/blogue-plancher-bois\/#primaryimage"},"thumbnailUrl":"https:\/\/internationalfloors.ca\/wp-content\/uploads\/hardwood-floor-sanding-cost-1200x800.jpg","datePublished":"2023-09-28T18:21:21+00:00","dateModified":"2025-03-26T15:26:44+00:00","description":"D\u00e9couvrez nos conseils d'experts pour la pose, le sablage, la teinture et la r\u00e9novation de vos planchers de bois franc.","breadcrumb":{"@id":"https:\/\/internationalfloors.ca\/fr\/blogue-plancher-bois\/#breadcrumb"},"inLanguage":"fr-CA","potentialAction":[{"@type":"ReadAction","target":["https:\/\/internationalfloors.ca\/fr\/blogue-plancher-bois\/"]}]},{"@type":"ImageObject","inLanguage":"fr-CA","@id":"https:\/\/internationalfloors.ca\/fr\/blogue-plancher-bois\/#primaryimage","url":"https:\/\/internationalfloors.ca\/wp-content\/uploads\/hardwood-floor-sanding-cost-1200x800.jpg","contentUrl":"https:\/\/internationalfloors.ca\/wp-content\/uploads\/hardwood-floor-sanding-cost-1200x800.jpg"},{"@type":"BreadcrumbList","@id":"https:\/\/internationalfloors.ca\/fr\/blogue-plancher-bois\/#breadcrumb","itemListElement":[{"@type":"ListItem","position":1,"name":"Home","item":"https:\/\/internationalfloors.ca\/fr\/"},{"@type":"ListItem","position":2,"name":"Blogue"}]},{"@type":"WebSite","@id":"https:\/\/internationalfloors.ca\/fr\/#website","url":"https:\/\/internationalfloors.ca\/fr\/","name":"International Floors","description":"","potentialAction":[{"@type":"SearchAction","target":{"@type":"EntryPoint","urlTemplate":"https:\/\/internationalfloors.ca\/fr\/?s={search_term_string}"},"query-input":{"@type":"PropertyValueSpecification","valueRequired":true,"valueName":"search_term_string"}}],"inLanguage":"fr-CA"}]}},"_links":{"self":[{"href":"https:\/\/internationalfloors.ca\/fr\/wp-json\/wp\/v2\/pages\/1873","targetHints":{"allow":["GET"]}}],"collection":[{"href":"https:\/\/internationalfloors.ca\/fr\/wp-json\/wp\/v2\/pages"}],"about":[{"href":"https:\/\/internationalfloors.ca\/fr\/wp-json\/wp\/v2\/types\/page"}],"author":[{"embeddable":true,"href":"https:\/\/internationalfloors.ca\/fr\/wp-json\/wp\/v2\/users\/2"}],"replies":[{"embeddable":true,"href":"https:\/\/internationalfloors.ca\/fr\/wp-json\/wp\/v2\/comments?post=1873"}],"version-history":[{"count":4,"href":"https:\/\/internationalfloors.ca\/fr\/wp-json\/wp\/v2\/pages\/1873\/revisions"}],"predecessor-version":[{"id":1878,"href":"https:\/\/internationalfloors.ca\/fr\/wp-json\/wp\/v2\/pages\/1873\/revisions\/1878"}],"wp:attachment":[{"href":"https:\/\/internationalfloors.ca\/fr\/wp-json\/wp\/v2\/media?parent=1873"}],"curies":[{"name":"wp","href":"https:\/\/api.w.org\/{rel}","templated":true}]}}