{"id":1623,"date":"2023-09-28T13:52:29","date_gmt":"2023-09-28T17:52:29","guid":{"rendered":"https:\/\/internationalfloors.ca\/stair-installation-staining\/"},"modified":"2023-11-08T16:03:42","modified_gmt":"2023-11-08T21:03:42","slug":"finition-teinture-escaliers","status":"publish","type":"page","link":"https:\/\/internationalfloors.ca\/fr\/finition-teinture-escaliers\/","title":{"rendered":"Escaliers"},"content":{"rendered":"\t\t<div data-elementor-type=\"wp-page\" data-elementor-id=\"1623\" class=\"elementor elementor-1623\">\n\t\t\t\t\t\t<section class=\"elementor-section elementor-top-section elementor-element elementor-element-b48b683 elementor-section-height-min-height elementor-section-boxed elementor-section-height-default elementor-section-items-middle\" data-id=\"b48b683\" data-element_type=\"section\" data-settings=\"{&quot;background_background&quot;:&quot;classic&quot;}\">\n\t\t\t\t\t\t\t<div class=\"elementor-background-overlay\"><\/div>\n\t\t\t\t\t\t\t<div class=\"elementor-container elementor-column-gap-default\">\n\t\t\t\t\t<div class=\"elementor-column elementor-col-100 elementor-top-column elementor-element elementor-element-b0f9636\" data-id=\"b0f9636\" data-element_type=\"column\">\n\t\t\t<div class=\"elementor-widget-wrap elementor-element-populated\">\n\t\t\t\t\t\t<div class=\"elementor-element elementor-element-b938bc9 elementor-widget elementor-widget-heading\" data-id=\"b938bc9\" data-element_type=\"widget\" data-widget_type=\"heading.default\">\n\t\t\t\t<div class=\"elementor-widget-container\">\n\t\t\t\t\t<h1 class=\"elementor-heading-title elementor-size-default\">Entrepreneur en escaliers: <br \/>De l'installation \u00e0 la finition<\/h1>\t\t\t\t<\/div>\n\t\t\t\t<\/div>\n\t\t\t\t<div class=\"elementor-element elementor-element-8ede285 elementor-widget__width-auto elementor-widget elementor-widget-button\" data-id=\"8ede285\" data-element_type=\"widget\" data-widget_type=\"button.default\">\n\t\t\t\t<div class=\"elementor-widget-container\">\n\t\t\t\t\t\t\t\t\t<div class=\"elementor-button-wrapper\">\n\t\t\t\t\t<a class=\"elementor-button elementor-button-link elementor-size-sm\" href=\"\/fr\/contact-finition-plancher-bois-montreal\/\">\n\t\t\t\t\t\t<span class=\"elementor-button-content-wrapper\">\n\t\t\t\t\t\t\t\t\t<span class=\"elementor-button-text\">Obtenir une soumission<\/span>\n\t\t\t\t\t<\/span>\n\t\t\t\t\t<\/a>\n\t\t\t\t<\/div>\n\t\t\t\t\t\t\t\t<\/div>\n\t\t\t\t<\/div>\n\t\t\t\t\t<\/div>\n\t\t<\/div>\n\t\t\t\t\t<\/div>\n\t\t<\/section>\n\t\t\t\t<section class=\"elementor-section elementor-top-section elementor-element elementor-element-9d474c9 elementor-section-boxed elementor-section-height-default elementor-section-height-default\" data-id=\"9d474c9\" data-element_type=\"section\">\n\t\t\t\t\t\t<div class=\"elementor-container elementor-column-gap-default\">\n\t\t\t\t\t<div class=\"elementor-column elementor-col-100 elementor-top-column elementor-element elementor-element-a78e731\" data-id=\"a78e731\" data-element_type=\"column\">\n\t\t\t<div class=\"elementor-widget-wrap elementor-element-populated\">\n\t\t\t\t\t\t<div class=\"elementor-element elementor-element-c6ec63e elementor-widget elementor-widget-heading\" data-id=\"c6ec63e\" data-element_type=\"widget\" data-widget_type=\"heading.default\">\n\t\t\t\t<div class=\"elementor-widget-container\">\n\t\t\t\t\t<h2 class=\"elementor-heading-title elementor-size-default\">Installation d'escaliers<\/h2>\t\t\t\t<\/div>\n\t\t\t\t<\/div>\n\t\t\t\t<div class=\"elementor-element elementor-element-26fcd2d elementor-widget elementor-widget-text-editor\" data-id=\"26fcd2d\" data-element_type=\"widget\" data-widget_type=\"text-editor.default\">\n\t\t\t\t<div class=\"elementor-widget-container\">\n\t\t\t\t\t\t\t\t\t<p><span style=\"font-weight: 400;\">Planchers International est fier d&rsquo;\u00e9tendre son expertise au-del\u00e0 du traditionnel service d&rsquo;<\/span><a href=\"\/fr\/installation-plancher-bois-franc\/\"><span style=\"font-weight: 400;\">installation de plancher<\/span><\/a><span style=\"font-weight: 400;\"> pour offrir un service d&rsquo;installation d&rsquo;escaliers dans la r\u00e9gion de Montr\u00e9al. Notre \u00e9quipe d\u00e9vou\u00e9e d\u2019entrepreneurs en escaliers se sp\u00e9cialise dans la cr\u00e9ation d\u2019escaliers sur mesure. Que vous cherchiez \u00e0 rehausser la beaut\u00e9 de votre maison ou de votre entreprise, notre service d&rsquo;installation d&rsquo;escaliers offre la touche finale parfaite. <\/span><\/p><p><span style=\"font-weight: 400;\">Nous comprenons que l&rsquo;int\u00e9gration des escaliers et du rev\u00eatement de sol est cruciale pour un look harmonieux. C&rsquo;est pourquoi notre service d&rsquo;installation d&rsquo;escaliers est une offre compl\u00e9mentaire, garantissant que l&rsquo;ensemble de votre espace t\u00e9moigne de notre engagement envers l&rsquo;excellence. <\/span><\/p>\t\t\t\t\t\t\t\t<\/div>\n\t\t\t\t<\/div>\n\t\t\t\t<div class=\"elementor-element elementor-element-b781108 elementor-align-left elementor-mobile-align-center elementor-widget-mobile__width-inherit elementor-widget elementor-widget-button\" data-id=\"b781108\" data-element_type=\"widget\" data-widget_type=\"button.default\">\n\t\t\t\t<div class=\"elementor-widget-container\">\n\t\t\t\t\t\t\t\t\t<div class=\"elementor-button-wrapper\">\n\t\t\t\t\t<a class=\"elementor-button elementor-button-link elementor-size-sm\" href=\"\/fr\/contact-finition-plancher-bois-montreal\/\">\n\t\t\t\t\t\t<span class=\"elementor-button-content-wrapper\">\n\t\t\t\t\t\t\t\t\t<span class=\"elementor-button-text\">Nous joindre<\/span>\n\t\t\t\t\t<\/span>\n\t\t\t\t\t<\/a>\n\t\t\t\t<\/div>\n\t\t\t\t\t\t\t\t<\/div>\n\t\t\t\t<\/div>\n\t\t\t\t\t<\/div>\n\t\t<\/div>\n\t\t\t\t\t<\/div>\n\t\t<\/section>\n\t\t\t\t<section class=\"elementor-section elementor-top-section elementor-element elementor-element-5c54ea9 elementor-section-boxed elementor-section-height-default elementor-section-height-default\" data-id=\"5c54ea9\" data-element_type=\"section\">\n\t\t\t\t\t\t<div class=\"elementor-container elementor-column-gap-default\">\n\t\t\t\t\t<div class=\"elementor-column elementor-col-33 elementor-top-column elementor-element elementor-element-5460540\" data-id=\"5460540\" data-element_type=\"column\">\n\t\t\t<div class=\"elementor-widget-wrap elementor-element-populated\">\n\t\t\t\t\t\t<div class=\"elementor-element elementor-element-d8e7dcd elementor-widget-tablet__width-initial elementor-widget-mobile__width-inherit elementor-widget elementor-widget-image\" data-id=\"d8e7dcd\" data-element_type=\"widget\" data-widget_type=\"image.default\">\n\t\t\t\t<div class=\"elementor-widget-container\">\n\t\t\t\t\t\t\t\t\t\t\t\t\t\t\t<img fetchpriority=\"high\" decoding=\"async\" width=\"720\" height=\"960\" src=\"https:\/\/internationalfloors.ca\/wp-content\/uploads\/stair-installation-1.jpeg\" class=\"attachment-full size-full wp-image-1446\" alt=\"stair installation and finishing\" srcset=\"https:\/\/internationalfloors.ca\/wp-content\/uploads\/stair-installation-1.jpeg 720w, https:\/\/internationalfloors.ca\/wp-content\/uploads\/stair-installation-1-450x600.jpeg 450w\" sizes=\"(max-width: 720px) 100vw, 720px\" \/>\t\t\t\t\t\t\t\t\t\t\t\t\t\t\t<\/div>\n\t\t\t\t<\/div>\n\t\t\t\t\t<\/div>\n\t\t<\/div>\n\t\t\t\t<div class=\"elementor-column elementor-col-33 elementor-top-column elementor-element elementor-element-2b13106\" data-id=\"2b13106\" data-element_type=\"column\">\n\t\t\t<div class=\"elementor-widget-wrap elementor-element-populated\">\n\t\t\t\t\t\t<div class=\"elementor-element elementor-element-cbc1b76 elementor-widget-tablet__width-initial elementor-widget-mobile__width-inherit elementor-invisible elementor-widget elementor-widget-image\" data-id=\"cbc1b76\" data-element_type=\"widget\" data-settings=\"{&quot;_animation&quot;:&quot;slideInLeft&quot;}\" data-widget_type=\"image.default\">\n\t\t\t\t<div class=\"elementor-widget-container\">\n\t\t\t\t\t\t\t\t\t\t\t\t\t\t\t<img decoding=\"async\" width=\"720\" height=\"960\" src=\"https:\/\/internationalfloors.ca\/wp-content\/uploads\/stair-installation-2.jpeg\" class=\"attachment-full size-full wp-image-1448\" alt=\"stair installation and finishing\" srcset=\"https:\/\/internationalfloors.ca\/wp-content\/uploads\/stair-installation-2.jpeg 720w, https:\/\/internationalfloors.ca\/wp-content\/uploads\/stair-installation-2-450x600.jpeg 450w\" sizes=\"(max-width: 720px) 100vw, 720px\" \/>\t\t\t\t\t\t\t\t\t\t\t\t\t\t\t<\/div>\n\t\t\t\t<\/div>\n\t\t\t\t\t<\/div>\n\t\t<\/div>\n\t\t\t\t<div class=\"elementor-column elementor-col-33 elementor-top-column elementor-element elementor-element-acc3182\" data-id=\"acc3182\" data-element_type=\"column\">\n\t\t\t<div class=\"elementor-widget-wrap elementor-element-populated\">\n\t\t\t\t\t\t<div class=\"elementor-element elementor-element-cba0836 elementor-widget-tablet__width-initial elementor-widget-mobile__width-inherit elementor-invisible elementor-widget elementor-widget-image\" data-id=\"cba0836\" data-element_type=\"widget\" data-settings=\"{&quot;_animation&quot;:&quot;slideInLeft&quot;}\" data-widget_type=\"image.default\">\n\t\t\t\t<div class=\"elementor-widget-container\">\n\t\t\t\t\t\t\t\t\t\t\t\t\t\t\t<img decoding=\"async\" width=\"720\" height=\"960\" src=\"https:\/\/internationalfloors.ca\/wp-content\/uploads\/stair-installation-3.jpeg\" class=\"attachment-full size-full wp-image-1450\" alt=\"stair installation and finishing\" srcset=\"https:\/\/internationalfloors.ca\/wp-content\/uploads\/stair-installation-3.jpeg 720w, https:\/\/internationalfloors.ca\/wp-content\/uploads\/stair-installation-3-450x600.jpeg 450w\" sizes=\"(max-width: 720px) 100vw, 720px\" \/>\t\t\t\t\t\t\t\t\t\t\t\t\t\t\t<\/div>\n\t\t\t\t<\/div>\n\t\t\t\t\t<\/div>\n\t\t<\/div>\n\t\t\t\t\t<\/div>\n\t\t<\/section>\n\t\t\t\t<section class=\"elementor-section elementor-top-section elementor-element elementor-element-cb55fb5 elementor-section-boxed elementor-section-height-default elementor-section-height-default\" data-id=\"cb55fb5\" data-element_type=\"section\">\n\t\t\t\t\t\t<div class=\"elementor-container elementor-column-gap-default\">\n\t\t\t\t\t<div class=\"elementor-column elementor-col-50 elementor-top-column elementor-element elementor-element-1eba3ea\" data-id=\"1eba3ea\" data-element_type=\"column\">\n\t\t\t<div class=\"elementor-widget-wrap elementor-element-populated\">\n\t\t\t\t\t\t<div class=\"elementor-element elementor-element-3bc8a3f elementor-widget-tablet__width-initial elementor-widget-mobile__width-inherit elementor-widget elementor-widget-image\" data-id=\"3bc8a3f\" data-element_type=\"widget\" data-widget_type=\"image.default\">\n\t\t\t\t<div class=\"elementor-widget-container\">\n\t\t\t\t\t\t\t\t\t\t\t\t\t\t\t<img decoding=\"async\" src=\"https:\/\/internationalfloors.ca\/wp-content\/uploads\/elementor\/thumbs\/stair-finishing-qfopud64o5v1ojw6ev1kb6773potf4ktv4ttfsfpeo.jpg\" title=\"stair staining and finishing\" alt=\"stair staining and finishing\" loading=\"lazy\" \/>\t\t\t\t\t\t\t\t\t\t\t\t\t\t\t<\/div>\n\t\t\t\t<\/div>\n\t\t\t\t\t<\/div>\n\t\t<\/div>\n\t\t\t\t<div class=\"elementor-column elementor-col-50 elementor-top-column elementor-element elementor-element-91f50f1\" data-id=\"91f50f1\" data-element_type=\"column\">\n\t\t\t<div class=\"elementor-widget-wrap elementor-element-populated\">\n\t\t\t\t\t\t<div class=\"elementor-element elementor-element-9376df9 elementor-widget elementor-widget-heading\" data-id=\"9376df9\" data-element_type=\"widget\" data-widget_type=\"heading.default\">\n\t\t\t\t<div class=\"elementor-widget-container\">\n\t\t\t\t\t<h2 class=\"elementor-heading-title elementor-size-default\">Finition d'escalier<\/h2>\t\t\t\t<\/div>\n\t\t\t\t<\/div>\n\t\t\t\t<div class=\"elementor-element elementor-element-dc31fbb elementor-widget elementor-widget-text-editor\" data-id=\"dc31fbb\" data-element_type=\"widget\" data-widget_type=\"text-editor.default\">\n\t\t\t\t<div class=\"elementor-widget-container\">\n\t\t\t\t\t\t\t\t\t<p><span style=\"font-weight: 400;\">Expert renomm\u00e9 en <\/span><a href=\"\/fr\/finition-plancher\/\"><span style=\"font-weight: 400;\">finition de planchers de bois franc<\/span><\/a><span style=\"font-weight: 400;\">, Planchers International est fier d&rsquo;offrir des services de finition d&rsquo;escaliers de qualit\u00e9 sup\u00e9rieure dans la r\u00e9gion de Montr\u00e9al. Notre \u00e9quipe d\u2019experts excelle dans le sablage, la teinture et le vernissage d\u2019escaliers, garantissant ainsi que vos escaliers conservent leur beaut\u00e9 et leur durabilit\u00e9. <\/span><\/p><p><span style=\"font-weight: 400;\">Que vous souhaitiez une teinture assortie \u00e0 votre d\u00e9cor pour un escalier neuf ou une finition compl\u00e8te d&rsquo;escalier pour insuffler une nouvelle vie \u00e0 des escaliers us\u00e9s, notre savoir-faire garantit des r\u00e9sultats remarquables. Nous comprenons que les escaliers sont un point central dans tout espace, et nos services sont adapt\u00e9s pour am\u00e9liorer leur apparence et leur long\u00e9vit\u00e9. <\/span><\/p>\t\t\t\t\t\t\t\t<\/div>\n\t\t\t\t<\/div>\n\t\t\t\t<div class=\"elementor-element elementor-element-6226500 elementor-align-left elementor-mobile-align-center elementor-widget-mobile__width-inherit elementor-widget elementor-widget-button\" data-id=\"6226500\" data-element_type=\"widget\" data-widget_type=\"button.default\">\n\t\t\t\t<div class=\"elementor-widget-container\">\n\t\t\t\t\t\t\t\t\t<div class=\"elementor-button-wrapper\">\n\t\t\t\t\t<a class=\"elementor-button elementor-button-link elementor-size-sm\" href=\"\/fr\/contact-finition-plancher-bois-montreal\/\">\n\t\t\t\t\t\t<span class=\"elementor-button-content-wrapper\">\n\t\t\t\t\t\t\t\t\t<span class=\"elementor-button-text\">Nous joindre<\/span>\n\t\t\t\t\t<\/span>\n\t\t\t\t\t<\/a>\n\t\t\t\t<\/div>\n\t\t\t\t\t\t\t\t<\/div>\n\t\t\t\t<\/div>\n\t\t\t\t\t<\/div>\n\t\t<\/div>\n\t\t\t\t\t<\/div>\n\t\t<\/section>\n\t\t\t\t<section class=\"elementor-section elementor-top-section elementor-element elementor-element-3fdd9cb elementor-section-boxed elementor-section-height-default elementor-section-height-default\" data-id=\"3fdd9cb\" data-element_type=\"section\" data-settings=\"{&quot;background_background&quot;:&quot;classic&quot;}\">\n\t\t\t\t\t\t<div class=\"elementor-container elementor-column-gap-default\">\n\t\t\t\t\t<div class=\"elementor-column elementor-col-50 elementor-top-column elementor-element elementor-element-ecc2cbf\" data-id=\"ecc2cbf\" data-element_type=\"column\">\n\t\t\t<div class=\"elementor-widget-wrap elementor-element-populated\">\n\t\t\t\t\t\t<div class=\"elementor-element elementor-element-8cfcea2 elementor-widget-mobile__width-inherit elementor-widget elementor-widget-heading\" data-id=\"8cfcea2\" data-element_type=\"widget\" data-widget_type=\"heading.default\">\n\t\t\t\t<div class=\"elementor-widget-container\">\n\t\t\t\t\t<h2 class=\"elementor-heading-title elementor-size-default\">Vous recherchez des entrepreneurs en escaliers offrant un service complet et minutieux?<\/h2>\t\t\t\t<\/div>\n\t\t\t\t<\/div>\n\t\t\t\t<div class=\"elementor-element elementor-element-e79ff44 elementor-widget elementor-widget-text-editor\" data-id=\"e79ff44\" data-element_type=\"widget\" data-widget_type=\"text-editor.default\">\n\t\t\t\t<div class=\"elementor-widget-container\">\n\t\t\t\t\t\t\t\t\t<p>De l\u2019installation d\u2019escaliers au sablage, en passant par la teinture et la finition, nous sommes les experts que vous recherchez.<\/p>\t\t\t\t\t\t\t\t<\/div>\n\t\t\t\t<\/div>\n\t\t\t\t\t<\/div>\n\t\t<\/div>\n\t\t\t\t<div class=\"elementor-column elementor-col-50 elementor-top-column elementor-element elementor-element-1dd799d\" data-id=\"1dd799d\" data-element_type=\"column\">\n\t\t\t<div class=\"elementor-widget-wrap elementor-element-populated\">\n\t\t\t\t\t\t<div class=\"elementor-element elementor-element-c276344 elementor-align-right elementor-mobile-align-center elementor-widget-mobile__width-inherit elementor-widget elementor-widget-button\" data-id=\"c276344\" data-element_type=\"widget\" data-widget_type=\"button.default\">\n\t\t\t\t<div class=\"elementor-widget-container\">\n\t\t\t\t\t\t\t\t\t<div class=\"elementor-button-wrapper\">\n\t\t\t\t\t<a class=\"elementor-button elementor-button-link elementor-size-sm\" href=\"\/fr\/contact-finition-plancher-bois-montreal\/\">\n\t\t\t\t\t\t<span class=\"elementor-button-content-wrapper\">\n\t\t\t\t\t\t\t\t\t<span class=\"elementor-button-text\">Contacter Planchers International maintenant<\/span>\n\t\t\t\t\t<\/span>\n\t\t\t\t\t<\/a>\n\t\t\t\t<\/div>\n\t\t\t\t\t\t\t\t<\/div>\n\t\t\t\t<\/div>\n\t\t\t\t\t<\/div>\n\t\t<\/div>\n\t\t\t\t\t<\/div>\n\t\t<\/section>\n\t\t\t\t<\/div>\n\t\t","protected":false},"excerpt":{"rendered":"<p>Entrepreneur en escaliers: De l&rsquo;installation \u00e0 la finition Obtenir une soumission Installation d&rsquo;escaliers Planchers International est fier d&rsquo;\u00e9tendre son expertise au-del\u00e0 du traditionnel service d&rsquo;installation de plancher pour offrir un service d&rsquo;installation d&rsquo;escaliers dans la r\u00e9gion de Montr\u00e9al. Notre \u00e9quipe d\u00e9vou\u00e9e d\u2019entrepreneurs en escaliers se sp\u00e9cialise dans la cr\u00e9ation d\u2019escaliers sur mesure. Que vous cherchiez [&hellip;]<\/p>\n","protected":false},"author":2,"featured_media":0,"parent":0,"menu_order":0,"comment_status":"closed","ping_status":"closed","template":"elementor_header_footer","meta":{"_acf_changed":false,"footnotes":""},"class_list":["post-1623","page","type-page","status-publish","hentry"],"acf":[],"yoast_head":"<!-- This site is optimized with the Yoast SEO plugin v27.2 - https:\/\/yoast.com\/product\/yoast-seo-wordpress\/ -->\n<title>Escalier: Installation, Sablage et Teinture | Planchers International<\/title>\n<meta name=\"description\" content=\"Nous sommes les experts en installation et finition d\u2019escaliers. Contactez-nous pour un travail de qualit\u00e9 et un r\u00e9sultat impeccable.\" \/>\n<meta name=\"robots\" content=\"index, follow, max-snippet:-1, max-image-preview:large, max-video-preview:-1\" \/>\n<link rel=\"canonical\" href=\"https:\/\/internationalfloors.ca\/fr\/finition-teinture-escaliers\/\" \/>\n<meta property=\"og:locale\" content=\"fr_CA\" \/>\n<meta property=\"og:type\" content=\"article\" \/>\n<meta property=\"og:title\" content=\"Escalier: Installation, Sablage et Teinture | Planchers International\" \/>\n<meta property=\"og:description\" content=\"Nous sommes les experts en installation et finition d\u2019escaliers. Contactez-nous pour un travail de qualit\u00e9 et un r\u00e9sultat impeccable.\" \/>\n<meta property=\"og:url\" content=\"https:\/\/internationalfloors.ca\/fr\/finition-teinture-escaliers\/\" \/>\n<meta property=\"og:site_name\" content=\"International Floors\" \/>\n<meta property=\"article:modified_time\" content=\"2023-11-08T21:03:42+00:00\" \/>\n<meta property=\"og:image\" content=\"https:\/\/internationalfloors.ca\/wp-content\/uploads\/stair-installation-1.jpeg\" \/>\n<meta name=\"twitter:card\" content=\"summary_large_image\" \/>\n<meta name=\"twitter:label1\" content=\"Estimation du temps de lecture\" \/>\n\t<meta name=\"twitter:data1\" content=\"2 minutes\" \/>\n<script type=\"application\/ld+json\" class=\"yoast-schema-graph\">{\"@context\":\"https:\/\/schema.org\",\"@graph\":[{\"@type\":\"WebPage\",\"@id\":\"https:\/\/internationalfloors.ca\/fr\/finition-teinture-escaliers\/\",\"url\":\"https:\/\/internationalfloors.ca\/fr\/finition-teinture-escaliers\/\",\"name\":\"Escalier: Installation, Sablage et Teinture | Planchers International\",\"isPartOf\":{\"@id\":\"https:\/\/internationalfloors.ca\/fr\/#website\"},\"primaryImageOfPage\":{\"@id\":\"https:\/\/internationalfloors.ca\/fr\/finition-teinture-escaliers\/#primaryimage\"},\"image\":{\"@id\":\"https:\/\/internationalfloors.ca\/fr\/finition-teinture-escaliers\/#primaryimage\"},\"thumbnailUrl\":\"https:\/\/internationalfloors.ca\/wp-content\/uploads\/stair-installation-1.jpeg\",\"datePublished\":\"2023-09-28T17:52:29+00:00\",\"dateModified\":\"2023-11-08T21:03:42+00:00\",\"description\":\"Nous sommes les experts en installation et finition d\u2019escaliers. Contactez-nous pour un travail de qualit\u00e9 et un r\u00e9sultat impeccable.\",\"breadcrumb\":{\"@id\":\"https:\/\/internationalfloors.ca\/fr\/finition-teinture-escaliers\/#breadcrumb\"},\"inLanguage\":\"fr-CA\",\"potentialAction\":[{\"@type\":\"ReadAction\",\"target\":[\"https:\/\/internationalfloors.ca\/fr\/finition-teinture-escaliers\/\"]}]},{\"@type\":\"ImageObject\",\"inLanguage\":\"fr-CA\",\"@id\":\"https:\/\/internationalfloors.ca\/fr\/finition-teinture-escaliers\/#primaryimage\",\"url\":\"https:\/\/internationalfloors.ca\/wp-content\/uploads\/stair-installation-1.jpeg\",\"contentUrl\":\"https:\/\/internationalfloors.ca\/wp-content\/uploads\/stair-installation-1.jpeg\"},{\"@type\":\"BreadcrumbList\",\"@id\":\"https:\/\/internationalfloors.ca\/fr\/finition-teinture-escaliers\/#breadcrumb\",\"itemListElement\":[{\"@type\":\"ListItem\",\"position\":1,\"name\":\"Home\",\"item\":\"https:\/\/internationalfloors.ca\/fr\/\"},{\"@type\":\"ListItem\",\"position\":2,\"name\":\"Escaliers\"}]},{\"@type\":\"WebSite\",\"@id\":\"https:\/\/internationalfloors.ca\/fr\/#website\",\"url\":\"https:\/\/internationalfloors.ca\/fr\/\",\"name\":\"International Floors\",\"description\":\"\",\"potentialAction\":[{\"@type\":\"SearchAction\",\"target\":{\"@type\":\"EntryPoint\",\"urlTemplate\":\"https:\/\/internationalfloors.ca\/fr\/?s={search_term_string}\"},\"query-input\":{\"@type\":\"PropertyValueSpecification\",\"valueRequired\":true,\"valueName\":\"search_term_string\"}}],\"inLanguage\":\"fr-CA\"}]}<\/script>\n<!-- \/ Yoast SEO plugin. -->","yoast_head_json":{"title":"Escalier: Installation, Sablage et Teinture | Planchers International","description":"Nous sommes les experts en installation et finition d\u2019escaliers. Contactez-nous pour un travail de qualit\u00e9 et un r\u00e9sultat impeccable.","robots":{"index":"index","follow":"follow","max-snippet":"max-snippet:-1","max-image-preview":"max-image-preview:large","max-video-preview":"max-video-preview:-1"},"canonical":"https:\/\/internationalfloors.ca\/fr\/finition-teinture-escaliers\/","og_locale":"fr_CA","og_type":"article","og_title":"Escalier: Installation, Sablage et Teinture | Planchers International","og_description":"Nous sommes les experts en installation et finition d\u2019escaliers. Contactez-nous pour un travail de qualit\u00e9 et un r\u00e9sultat impeccable.","og_url":"https:\/\/internationalfloors.ca\/fr\/finition-teinture-escaliers\/","og_site_name":"International Floors","article_modified_time":"2023-11-08T21:03:42+00:00","og_image":[{"url":"https:\/\/internationalfloors.ca\/wp-content\/uploads\/stair-installation-1.jpeg","type":"","width":"","height":""}],"twitter_card":"summary_large_image","twitter_misc":{"Estimation du temps de lecture":"2 minutes"},"schema":{"@context":"https:\/\/schema.org","@graph":[{"@type":"WebPage","@id":"https:\/\/internationalfloors.ca\/fr\/finition-teinture-escaliers\/","url":"https:\/\/internationalfloors.ca\/fr\/finition-teinture-escaliers\/","name":"Escalier: Installation, Sablage et Teinture | Planchers International","isPartOf":{"@id":"https:\/\/internationalfloors.ca\/fr\/#website"},"primaryImageOfPage":{"@id":"https:\/\/internationalfloors.ca\/fr\/finition-teinture-escaliers\/#primaryimage"},"image":{"@id":"https:\/\/internationalfloors.ca\/fr\/finition-teinture-escaliers\/#primaryimage"},"thumbnailUrl":"https:\/\/internationalfloors.ca\/wp-content\/uploads\/stair-installation-1.jpeg","datePublished":"2023-09-28T17:52:29+00:00","dateModified":"2023-11-08T21:03:42+00:00","description":"Nous sommes les experts en installation et finition d\u2019escaliers. Contactez-nous pour un travail de qualit\u00e9 et un r\u00e9sultat impeccable.","breadcrumb":{"@id":"https:\/\/internationalfloors.ca\/fr\/finition-teinture-escaliers\/#breadcrumb"},"inLanguage":"fr-CA","potentialAction":[{"@type":"ReadAction","target":["https:\/\/internationalfloors.ca\/fr\/finition-teinture-escaliers\/"]}]},{"@type":"ImageObject","inLanguage":"fr-CA","@id":"https:\/\/internationalfloors.ca\/fr\/finition-teinture-escaliers\/#primaryimage","url":"https:\/\/internationalfloors.ca\/wp-content\/uploads\/stair-installation-1.jpeg","contentUrl":"https:\/\/internationalfloors.ca\/wp-content\/uploads\/stair-installation-1.jpeg"},{"@type":"BreadcrumbList","@id":"https:\/\/internationalfloors.ca\/fr\/finition-teinture-escaliers\/#breadcrumb","itemListElement":[{"@type":"ListItem","position":1,"name":"Home","item":"https:\/\/internationalfloors.ca\/fr\/"},{"@type":"ListItem","position":2,"name":"Escaliers"}]},{"@type":"WebSite","@id":"https:\/\/internationalfloors.ca\/fr\/#website","url":"https:\/\/internationalfloors.ca\/fr\/","name":"International Floors","description":"","potentialAction":[{"@type":"SearchAction","target":{"@type":"EntryPoint","urlTemplate":"https:\/\/internationalfloors.ca\/fr\/?s={search_term_string}"},"query-input":{"@type":"PropertyValueSpecification","valueRequired":true,"valueName":"search_term_string"}}],"inLanguage":"fr-CA"}]}},"_links":{"self":[{"href":"https:\/\/internationalfloors.ca\/fr\/wp-json\/wp\/v2\/pages\/1623","targetHints":{"allow":["GET"]}}],"collection":[{"href":"https:\/\/internationalfloors.ca\/fr\/wp-json\/wp\/v2\/pages"}],"about":[{"href":"https:\/\/internationalfloors.ca\/fr\/wp-json\/wp\/v2\/types\/page"}],"author":[{"embeddable":true,"href":"https:\/\/internationalfloors.ca\/fr\/wp-json\/wp\/v2\/users\/2"}],"replies":[{"embeddable":true,"href":"https:\/\/internationalfloors.ca\/fr\/wp-json\/wp\/v2\/comments?post=1623"}],"version-history":[{"count":8,"href":"https:\/\/internationalfloors.ca\/fr\/wp-json\/wp\/v2\/pages\/1623\/revisions"}],"predecessor-version":[{"id":1787,"href":"https:\/\/internationalfloors.ca\/fr\/wp-json\/wp\/v2\/pages\/1623\/revisions\/1787"}],"wp:attachment":[{"href":"https:\/\/internationalfloors.ca\/fr\/wp-json\/wp\/v2\/media?parent=1623"}],"curies":[{"name":"wp","href":"https:\/\/api.w.org\/{rel}","templated":true}]}}