{"id":1616,"date":"2023-09-28T14:03:32","date_gmt":"2023-09-28T18:03:32","guid":{"rendered":"https:\/\/internationalfloors.ca\/deck-staining\/"},"modified":"2023-11-07T07:09:35","modified_gmt":"2023-11-07T12:09:35","slug":"teinture-patio","status":"publish","type":"page","link":"https:\/\/internationalfloors.ca\/fr\/teinture-patio\/","title":{"rendered":"Patio"},"content":{"rendered":"\t\t<div data-elementor-type=\"wp-page\" data-elementor-id=\"1616\" class=\"elementor elementor-1616\">\n\t\t\t\t\t\t<section class=\"elementor-section elementor-top-section elementor-element elementor-element-b48b683 elementor-section-height-min-height elementor-section-boxed elementor-section-height-default elementor-section-items-middle\" data-id=\"b48b683\" data-element_type=\"section\" data-settings=\"{&quot;background_background&quot;:&quot;classic&quot;}\">\n\t\t\t\t\t\t\t<div class=\"elementor-background-overlay\"><\/div>\n\t\t\t\t\t\t\t<div class=\"elementor-container elementor-column-gap-default\">\n\t\t\t\t\t<div class=\"elementor-column elementor-col-100 elementor-top-column elementor-element elementor-element-b0f9636\" data-id=\"b0f9636\" data-element_type=\"column\">\n\t\t\t<div class=\"elementor-widget-wrap elementor-element-populated\">\n\t\t\t\t\t\t<div class=\"elementor-element elementor-element-b938bc9 elementor-widget elementor-widget-heading\" data-id=\"b938bc9\" data-element_type=\"widget\" data-widget_type=\"heading.default\">\n\t\t\t\t<div class=\"elementor-widget-container\">\n\t\t\t\t\t<h1 class=\"elementor-heading-title elementor-size-default\">Teinture de patio \u00e0 Montr\u00e9al et environs<\/h1>\t\t\t\t<\/div>\n\t\t\t\t<\/div>\n\t\t\t\t<div class=\"elementor-element elementor-element-8ede285 elementor-widget__width-auto elementor-widget elementor-widget-button\" data-id=\"8ede285\" data-element_type=\"widget\" data-widget_type=\"button.default\">\n\t\t\t\t<div class=\"elementor-widget-container\">\n\t\t\t\t\t\t\t\t\t<div class=\"elementor-button-wrapper\">\n\t\t\t\t\t<a class=\"elementor-button elementor-button-link elementor-size-sm\" href=\"\/fr\/contact-finition-plancher-bois-montreal\/\">\n\t\t\t\t\t\t<span class=\"elementor-button-content-wrapper\">\n\t\t\t\t\t\t\t\t\t<span class=\"elementor-button-text\">Demande de soumission<\/span>\n\t\t\t\t\t<\/span>\n\t\t\t\t\t<\/a>\n\t\t\t\t<\/div>\n\t\t\t\t\t\t\t\t<\/div>\n\t\t\t\t<\/div>\n\t\t\t\t\t<\/div>\n\t\t<\/div>\n\t\t\t\t\t<\/div>\n\t\t<\/section>\n\t\t\t\t<section class=\"elementor-section elementor-top-section elementor-element elementor-element-9d474c9 elementor-section-boxed elementor-section-height-default elementor-section-height-default\" data-id=\"9d474c9\" data-element_type=\"section\">\n\t\t\t\t\t\t<div class=\"elementor-container elementor-column-gap-default\">\n\t\t\t\t\t<div class=\"elementor-column elementor-col-50 elementor-top-column elementor-element elementor-element-a78e731\" data-id=\"a78e731\" data-element_type=\"column\">\n\t\t\t<div class=\"elementor-widget-wrap elementor-element-populated\">\n\t\t\t\t\t\t<div class=\"elementor-element elementor-element-c6ec63e elementor-widget elementor-widget-heading\" data-id=\"c6ec63e\" data-element_type=\"widget\" data-widget_type=\"heading.default\">\n\t\t\t\t<div class=\"elementor-widget-container\">\n\t\t\t\t\t<h2 class=\"elementor-heading-title elementor-size-default\">Services de teinture de patio par Plancher International\u00a0: <span style=\"color:#000\">Renouvelez l'\u00e9l\u00e9gance ext\u00e9rieure<\/span><\/h2>\t\t\t\t<\/div>\n\t\t\t\t<\/div>\n\t\t\t\t<div class=\"elementor-element elementor-element-26fcd2d elementor-widget elementor-widget-text-editor\" data-id=\"26fcd2d\" data-element_type=\"widget\" data-widget_type=\"text-editor.default\">\n\t\t\t\t<div class=\"elementor-widget-container\">\n\t\t\t\t\t\t\t\t\t<p><span style=\"font-weight: 400;\">Votre terrasse est plus qu&rsquo;une simple plateforme ext\u00e9rieure ; c&rsquo;est une extension de votre espace de vie o\u00f9 sont cr\u00e9\u00e9s des souvenirs pr\u00e9cieux. Chez Planchers International, nous comprenons l\u2019importance de maintenir la beaut\u00e9 et la long\u00e9vit\u00e9 de votre terrasse. Nos services de teinture de patio sont con\u00e7us pour revitaliser votre terrasse et la prot\u00e9ger des \u00e9l\u00e9ments ext\u00e9rieurs.<\/span><\/p><p><span style=\"font-weight: 400;\">La teinture de patio est un art, et nos peintres de terrasses sont pass\u00e9s ma\u00eetres dans cette t\u00e2che. Avec Planchers International, vous pouvez transformer votre terrasse terne et patin\u00e9e en un superbe refuge ext\u00e9rieur. Notre processus de teinture de terrasse consiste \u00e0 pr\u00e9parer soigneusement la surface pour s&rsquo;assurer que la peinture ou la teinture adh\u00e8rera correctement \u00e0 la surface, et \u00e9galement \u00e0 \u00e9liminer la peinture ou la teinture pr\u00e9c\u00e9dente si vous souhaitez changer de couleur. En tant que sp\u00e9cialistes du <\/span><a href=\"\/fr\/sablage-plancher-bois-franc\/\"><span style=\"font-weight: 400;\">sablage de plancher<\/span><\/a>\u00a0et de la finition, les surfaces en bois n&rsquo;ont plus de secrets pour nous. Que vous envisagiez une teinte riche et profonde qui accentue le grain naturel du bois ou une teinte subtile et \u00e9l\u00e9gante qui s&rsquo;harmonise avec votre d\u00e9cor ext\u00e9rieur, nos experts donnent vie \u00e0 votre vision.<\/p>\t\t\t\t\t\t\t\t<\/div>\n\t\t\t\t<\/div>\n\t\t\t\t<div class=\"elementor-element elementor-element-b781108 elementor-align-left elementor-mobile-align-center elementor-widget-mobile__width-inherit elementor-widget elementor-widget-button\" data-id=\"b781108\" data-element_type=\"widget\" data-widget_type=\"button.default\">\n\t\t\t\t<div class=\"elementor-widget-container\">\n\t\t\t\t\t\t\t\t\t<div class=\"elementor-button-wrapper\">\n\t\t\t\t\t<a class=\"elementor-button elementor-button-link elementor-size-sm\" href=\"\/fr\/contact-finition-plancher-bois-montreal\/\">\n\t\t\t\t\t\t<span class=\"elementor-button-content-wrapper\">\n\t\t\t\t\t\t\t\t\t<span class=\"elementor-button-text\">Demander une soumission<\/span>\n\t\t\t\t\t<\/span>\n\t\t\t\t\t<\/a>\n\t\t\t\t<\/div>\n\t\t\t\t\t\t\t\t<\/div>\n\t\t\t\t<\/div>\n\t\t\t\t\t<\/div>\n\t\t<\/div>\n\t\t\t\t<div class=\"elementor-column elementor-col-50 elementor-top-column elementor-element elementor-element-d55903d\" data-id=\"d55903d\" data-element_type=\"column\">\n\t\t\t<div class=\"elementor-widget-wrap elementor-element-populated\">\n\t\t\t\t\t\t<div class=\"elementor-element elementor-element-d8e7dcd elementor-widget-tablet__width-initial elementor-widget-mobile__width-inherit elementor-widget elementor-widget-image\" data-id=\"d8e7dcd\" data-element_type=\"widget\" data-widget_type=\"image.default\">\n\t\t\t\t<div class=\"elementor-widget-container\">\n\t\t\t\t\t\t\t\t\t\t\t\t\t\t\t<img fetchpriority=\"high\" decoding=\"async\" width=\"1200\" height=\"900\" src=\"https:\/\/internationalfloors.ca\/wp-content\/uploads\/deck-staining-before.jpg\" class=\"attachment-full size-full wp-image-1464\" alt=\"deck staining\" srcset=\"https:\/\/internationalfloors.ca\/wp-content\/uploads\/deck-staining-before.jpg 1200w, https:\/\/internationalfloors.ca\/wp-content\/uploads\/deck-staining-before-600x450.jpg 600w\" sizes=\"(max-width: 1200px) 100vw, 1200px\" \/>\t\t\t\t\t\t\t\t\t\t\t\t\t\t\t<\/div>\n\t\t\t\t<\/div>\n\t\t\t\t<div class=\"elementor-element elementor-element-cbc1b76 elementor-widget-tablet__width-initial elementor-widget-mobile__width-inherit elementor-invisible elementor-widget elementor-widget-image\" data-id=\"cbc1b76\" data-element_type=\"widget\" data-settings=\"{&quot;_animation&quot;:&quot;slideInDown&quot;}\" data-widget_type=\"image.default\">\n\t\t\t\t<div class=\"elementor-widget-container\">\n\t\t\t\t\t\t\t\t\t\t\t\t\t\t\t<img decoding=\"async\" width=\"1200\" height=\"900\" src=\"https:\/\/internationalfloors.ca\/wp-content\/uploads\/deck-staining-after.jpg\" class=\"attachment-full size-full wp-image-1462\" alt=\"deck staining\" srcset=\"https:\/\/internationalfloors.ca\/wp-content\/uploads\/deck-staining-after.jpg 1200w, https:\/\/internationalfloors.ca\/wp-content\/uploads\/deck-staining-after-600x450.jpg 600w\" sizes=\"(max-width: 1200px) 100vw, 1200px\" \/>\t\t\t\t\t\t\t\t\t\t\t\t\t\t\t<\/div>\n\t\t\t\t<\/div>\n\t\t\t\t\t<\/div>\n\t\t<\/div>\n\t\t\t\t\t<\/div>\n\t\t<\/section>\n\t\t\t\t<section class=\"elementor-section elementor-top-section elementor-element elementor-element-158af2f elementor-section-height-min-height elementor-section-boxed elementor-section-height-default elementor-section-items-middle\" data-id=\"158af2f\" data-element_type=\"section\" data-settings=\"{&quot;background_background&quot;:&quot;classic&quot;}\">\n\t\t\t\t\t\t<div class=\"elementor-container elementor-column-gap-default\">\n\t\t\t\t\t<div class=\"elementor-column elementor-col-50 elementor-top-column elementor-element elementor-element-8503547\" data-id=\"8503547\" data-element_type=\"column\" data-settings=\"{&quot;background_background&quot;:&quot;classic&quot;}\">\n\t\t\t<div class=\"elementor-widget-wrap elementor-element-populated\">\n\t\t\t\t\t\t<div class=\"elementor-element elementor-element-e69dec5 elementor-widget elementor-widget-heading\" data-id=\"e69dec5\" data-element_type=\"widget\" data-widget_type=\"heading.default\">\n\t\t\t\t<div class=\"elementor-widget-container\">\n\t\t\t\t\t<h2 class=\"elementor-heading-title elementor-size-default\">PR\u00c9SERVER L'INT\u00c9GRIT\u00c9 DE VOTRE TERRASSE\n\u200b<\/h2>\t\t\t\t<\/div>\n\t\t\t\t<\/div>\n\t\t\t\t<div class=\"elementor-element elementor-element-dd5b477 elementor-widget elementor-widget-text-editor\" data-id=\"dd5b477\" data-element_type=\"widget\" data-widget_type=\"text-editor.default\">\n\t\t\t\t<div class=\"elementor-widget-container\">\n\t\t\t\t\t\t\t\t\t<p><span style=\"font-weight: 400;\">Au-del\u00e0 de l&rsquo;am\u00e9lioration esth\u00e9tique, nos services de teinture de terrasse servent de bouclier protecteur pour votre terrasse contre les \u00e9l\u00e9ments ext\u00e9rieurs agressifs. Les rayons UV, la pluie, la neige et l&rsquo;usage peuvent tous avoir des cons\u00e9quences n\u00e9fastes sur la surface de votre terrasse. Nos peintres de patio pr\u00e9parent m\u00e9ticuleusement le bois en s&rsquo;assurant qu&rsquo;il est exempt de salet\u00e9 et de d\u00e9bris, puis appliquent la teinture avec pr\u00e9cision. Ce processus rajeunit non seulement l&rsquo;apparence, mais prot\u00e8ge \u00e9galement votre terrasse contre la p\u00e9n\u00e9tration de l&rsquo;humidit\u00e9, la moisissure et la pourriture.<\/span><\/p>\t\t\t\t\t\t\t\t<\/div>\n\t\t\t\t<\/div>\n\t\t\t\t\t<\/div>\n\t\t<\/div>\n\t\t\t\t<div class=\"elementor-column elementor-col-50 elementor-top-column elementor-element elementor-element-a50dbf3\" data-id=\"a50dbf3\" data-element_type=\"column\">\n\t\t\t<div class=\"elementor-widget-wrap\">\n\t\t\t\t\t\t\t<\/div>\n\t\t<\/div>\n\t\t\t\t\t<\/div>\n\t\t<\/section>\n\t\t\t\t<section class=\"elementor-section elementor-top-section elementor-element elementor-element-cb55fb5 elementor-section-boxed elementor-section-height-default elementor-section-height-default\" data-id=\"cb55fb5\" data-element_type=\"section\">\n\t\t\t\t\t\t<div class=\"elementor-container elementor-column-gap-default\">\n\t\t\t\t\t<div class=\"elementor-column elementor-col-50 elementor-top-column elementor-element elementor-element-1eba3ea\" data-id=\"1eba3ea\" data-element_type=\"column\">\n\t\t\t<div class=\"elementor-widget-wrap elementor-element-populated\">\n\t\t\t\t\t\t<div class=\"elementor-element elementor-element-3bc8a3f elementor-widget-tablet__width-initial elementor-widget-mobile__width-inherit elementor-widget elementor-widget-image\" data-id=\"3bc8a3f\" data-element_type=\"widget\" data-widget_type=\"image.default\">\n\t\t\t\t<div class=\"elementor-widget-container\">\n\t\t\t\t\t\t\t\t\t\t\t\t\t\t\t<img decoding=\"async\" src=\"https:\/\/internationalfloors.ca\/wp-content\/uploads\/elementor\/thumbs\/deck-staining-qfopuog5z39c9gwt1v85g8a1egrx239178zi9zl7b4.jpg\" title=\"deck staining\" alt=\"deck staining\" loading=\"lazy\" \/>\t\t\t\t\t\t\t\t\t\t\t\t\t\t\t<\/div>\n\t\t\t\t<\/div>\n\t\t\t\t\t<\/div>\n\t\t<\/div>\n\t\t\t\t<div class=\"elementor-column elementor-col-50 elementor-top-column elementor-element elementor-element-91f50f1\" data-id=\"91f50f1\" data-element_type=\"column\">\n\t\t\t<div class=\"elementor-widget-wrap elementor-element-populated\">\n\t\t\t\t\t\t<div class=\"elementor-element elementor-element-9376df9 elementor-widget elementor-widget-heading\" data-id=\"9376df9\" data-element_type=\"widget\" data-widget_type=\"heading.default\">\n\t\t\t\t<div class=\"elementor-widget-container\">\n\t\t\t\t\t<h2 class=\"elementor-heading-title elementor-size-default\">Pourquoi choisir Planchers International pour la teinture de terrasse\u00a0?<\/h2>\t\t\t\t<\/div>\n\t\t\t\t<\/div>\n\t\t\t\t<div class=\"elementor-element elementor-element-dc31fbb elementor-widget elementor-widget-text-editor\" data-id=\"dc31fbb\" data-element_type=\"widget\" data-widget_type=\"text-editor.default\">\n\t\t\t\t<div class=\"elementor-widget-container\">\n\t\t\t\t\t\t\t\t\t<ul><li style=\"font-weight: 400;\" aria-level=\"1\"><b>Savoir-faire exceptionnel\u00a0: <\/b><span style=\"font-weight: 400;\">Nos peintres de terrasses sont des artisans qui accordent une attention m\u00e9ticuleuse aux d\u00e9tails, garantissant des r\u00e9sultats impeccables.<\/span><\/li><li style=\"font-weight: 400;\" aria-level=\"1\"><b>Produits de qualit\u00e9\u00a0:<\/b><span style=\"font-weight: 400;\"> Nous utilisons des teintures de premi\u00e8re qualit\u00e9 qui non seulement embellissent mais prot\u00e8gent \u00e9galement votre terrasse contre l&rsquo;usure.<\/span><\/li><li style=\"font-weight: 400;\" aria-level=\"1\"><b>Durabilit\u00e9 am\u00e9lior\u00e9e\u00a0:<\/b><span style=\"font-weight: 400;\"> Gr\u00e2ce \u00e0 nos services de teinture et peinture de terrasse, celle-ci conservera sa beaut\u00e9 et son int\u00e9grit\u00e9 structurelle pour les ann\u00e9es \u00e0 venir. .<\/span><\/li><li style=\"font-weight: 400;\" aria-level=\"1\"><b>Approche personnalis\u00e9e\u00a0:<\/b><span style=\"font-weight: 400;\"> Nous collaborons \u00e9troitement avec vous pour comprendre vos pr\u00e9f\u00e9rences et vous proposer les produits appropri\u00e9s.<\/span><\/li><li style=\"font-weight: 400;\" aria-level=\"1\"><b style=\"font-family: -apple-system, BlinkMacSystemFont, 'Segoe UI', Roboto, 'Helvetica Neue', Arial, sans-serif, 'Apple Color Emoji', 'Segoe UI Emoji', 'Segoe UI Symbol'; font-size: 1rem;\">Le choix de confiance de Montr\u00e9al\u00a0:<\/b><span style=\"font-weight: 400;\"> Au service de la r\u00e9gion de Montr\u00e9al, Planchers International\u00a0 est la r\u00e9f\u00e9rence \u00e0 nommer pour tout <a href=\"\/fr\/teinture-vernis-planchers-bois\/\">projet de vernissage du bois<\/a> ou de teinture.<\/span><\/li><\/ul><p><span style=\"font-weight: 400;\">Ne laissez pas votre oasis ext\u00e9rieure perdre son \u00e9clat. Contactez International Floors d\u00e8s aujourd\u2019hui pour des services experts en coloration de terrasse qui renouvellent la beaut\u00e9 de votre terrasse et prolongent sa dur\u00e9e de vie. <\/span><\/p>\t\t\t\t\t\t\t\t<\/div>\n\t\t\t\t<\/div>\n\t\t\t\t<div class=\"elementor-element elementor-element-6226500 elementor-align-left elementor-mobile-align-center elementor-widget-mobile__width-inherit elementor-widget elementor-widget-button\" data-id=\"6226500\" data-element_type=\"widget\" data-widget_type=\"button.default\">\n\t\t\t\t<div class=\"elementor-widget-container\">\n\t\t\t\t\t\t\t\t\t<div class=\"elementor-button-wrapper\">\n\t\t\t\t\t<a class=\"elementor-button elementor-button-link elementor-size-sm\" href=\"\/fr\/contact-finition-plancher-bois-montreal\/\">\n\t\t\t\t\t\t<span class=\"elementor-button-content-wrapper\">\n\t\t\t\t\t\t\t\t\t<span class=\"elementor-button-text\">Contactez-nous<\/span>\n\t\t\t\t\t<\/span>\n\t\t\t\t\t<\/a>\n\t\t\t\t<\/div>\n\t\t\t\t\t\t\t\t<\/div>\n\t\t\t\t<\/div>\n\t\t\t\t\t<\/div>\n\t\t<\/div>\n\t\t\t\t\t<\/div>\n\t\t<\/section>\n\t\t\t\t<\/div>\n\t\t","protected":false},"excerpt":{"rendered":"<p>Teinture de patio \u00e0 Montr\u00e9al et environs Demande de soumission Services de teinture de patio par Plancher International\u00a0: Renouvelez l&rsquo;\u00e9l\u00e9gance ext\u00e9rieure Votre terrasse est plus qu&rsquo;une simple plateforme ext\u00e9rieure ; c&rsquo;est une extension de votre espace de vie o\u00f9 sont cr\u00e9\u00e9s des souvenirs pr\u00e9cieux. Chez Planchers International, nous comprenons l\u2019importance de maintenir la beaut\u00e9 et [&hellip;]<\/p>\n","protected":false},"author":2,"featured_media":0,"parent":0,"menu_order":0,"comment_status":"closed","ping_status":"closed","template":"elementor_header_footer","meta":{"_acf_changed":false,"footnotes":""},"class_list":["post-1616","page","type-page","status-publish","hentry"],"acf":[],"yoast_head":"<!-- This site is optimized with the Yoast SEO plugin v27.4 - https:\/\/yoast.com\/product\/yoast-seo-wordpress\/ -->\n<title>Teinture de Patio | Peinture de Patio | Planchers International<\/title>\n<meta name=\"description\" content=\"Prot\u00e9gez votre terrasse tout en lui donnant un look magnifique gr\u00e2ce \u00e0 notre expertise en teinture de terrasse et patio. Soumission gratuite.\" \/>\n<meta name=\"robots\" content=\"index, follow, max-snippet:-1, max-image-preview:large, max-video-preview:-1\" \/>\n<link rel=\"canonical\" href=\"https:\/\/internationalfloors.ca\/fr\/teinture-patio\/\" \/>\n<meta property=\"og:locale\" content=\"fr_CA\" \/>\n<meta property=\"og:type\" content=\"article\" \/>\n<meta property=\"og:title\" content=\"Teinture de Patio | Peinture de Patio | Planchers International\" \/>\n<meta property=\"og:description\" content=\"Prot\u00e9gez votre terrasse tout en lui donnant un look magnifique gr\u00e2ce \u00e0 notre expertise en teinture de terrasse et patio. Soumission gratuite.\" \/>\n<meta property=\"og:url\" content=\"https:\/\/internationalfloors.ca\/fr\/teinture-patio\/\" \/>\n<meta property=\"og:site_name\" content=\"International Floors\" \/>\n<meta property=\"article:modified_time\" content=\"2023-11-07T12:09:35+00:00\" \/>\n<meta property=\"og:image\" content=\"https:\/\/internationalfloors.ca\/wp-content\/uploads\/deck-staining-before.jpg\" \/>\n<meta name=\"twitter:card\" content=\"summary_large_image\" \/>\n<meta name=\"twitter:label1\" content=\"Estimation du temps de lecture\" \/>\n\t<meta name=\"twitter:data1\" content=\"3 minutes\" \/>\n<script type=\"application\/ld+json\" class=\"yoast-schema-graph\">{\"@context\":\"https:\\\/\\\/schema.org\",\"@graph\":[{\"@type\":\"WebPage\",\"@id\":\"https:\\\/\\\/internationalfloors.ca\\\/fr\\\/teinture-patio\\\/\",\"url\":\"https:\\\/\\\/internationalfloors.ca\\\/fr\\\/teinture-patio\\\/\",\"name\":\"Teinture de Patio | Peinture de Patio | Planchers International\",\"isPartOf\":{\"@id\":\"https:\\\/\\\/internationalfloors.ca\\\/fr\\\/#website\"},\"primaryImageOfPage\":{\"@id\":\"https:\\\/\\\/internationalfloors.ca\\\/fr\\\/teinture-patio\\\/#primaryimage\"},\"image\":{\"@id\":\"https:\\\/\\\/internationalfloors.ca\\\/fr\\\/teinture-patio\\\/#primaryimage\"},\"thumbnailUrl\":\"https:\\\/\\\/internationalfloors.ca\\\/wp-content\\\/uploads\\\/deck-staining-before.jpg\",\"datePublished\":\"2023-09-28T18:03:32+00:00\",\"dateModified\":\"2023-11-07T12:09:35+00:00\",\"description\":\"Prot\u00e9gez votre terrasse tout en lui donnant un look magnifique gr\u00e2ce \u00e0 notre expertise en teinture de terrasse et patio. Soumission gratuite.\",\"breadcrumb\":{\"@id\":\"https:\\\/\\\/internationalfloors.ca\\\/fr\\\/teinture-patio\\\/#breadcrumb\"},\"inLanguage\":\"fr-CA\",\"potentialAction\":[{\"@type\":\"ReadAction\",\"target\":[\"https:\\\/\\\/internationalfloors.ca\\\/fr\\\/teinture-patio\\\/\"]}]},{\"@type\":\"ImageObject\",\"inLanguage\":\"fr-CA\",\"@id\":\"https:\\\/\\\/internationalfloors.ca\\\/fr\\\/teinture-patio\\\/#primaryimage\",\"url\":\"https:\\\/\\\/internationalfloors.ca\\\/wp-content\\\/uploads\\\/deck-staining-before.jpg\",\"contentUrl\":\"https:\\\/\\\/internationalfloors.ca\\\/wp-content\\\/uploads\\\/deck-staining-before.jpg\"},{\"@type\":\"BreadcrumbList\",\"@id\":\"https:\\\/\\\/internationalfloors.ca\\\/fr\\\/teinture-patio\\\/#breadcrumb\",\"itemListElement\":[{\"@type\":\"ListItem\",\"position\":1,\"name\":\"Home\",\"item\":\"https:\\\/\\\/internationalfloors.ca\\\/fr\\\/\"},{\"@type\":\"ListItem\",\"position\":2,\"name\":\"Patio\"}]},{\"@type\":\"WebSite\",\"@id\":\"https:\\\/\\\/internationalfloors.ca\\\/fr\\\/#website\",\"url\":\"https:\\\/\\\/internationalfloors.ca\\\/fr\\\/\",\"name\":\"International Floors\",\"description\":\"\",\"potentialAction\":[{\"@type\":\"SearchAction\",\"target\":{\"@type\":\"EntryPoint\",\"urlTemplate\":\"https:\\\/\\\/internationalfloors.ca\\\/fr\\\/?s={search_term_string}\"},\"query-input\":{\"@type\":\"PropertyValueSpecification\",\"valueRequired\":true,\"valueName\":\"search_term_string\"}}],\"inLanguage\":\"fr-CA\"}]}<\/script>\n<!-- \/ Yoast SEO plugin. -->","yoast_head_json":{"title":"Teinture de Patio | Peinture de Patio | Planchers International","description":"Prot\u00e9gez votre terrasse tout en lui donnant un look magnifique gr\u00e2ce \u00e0 notre expertise en teinture de terrasse et patio. Soumission gratuite.","robots":{"index":"index","follow":"follow","max-snippet":"max-snippet:-1","max-image-preview":"max-image-preview:large","max-video-preview":"max-video-preview:-1"},"canonical":"https:\/\/internationalfloors.ca\/fr\/teinture-patio\/","og_locale":"fr_CA","og_type":"article","og_title":"Teinture de Patio | Peinture de Patio | Planchers International","og_description":"Prot\u00e9gez votre terrasse tout en lui donnant un look magnifique gr\u00e2ce \u00e0 notre expertise en teinture de terrasse et patio. Soumission gratuite.","og_url":"https:\/\/internationalfloors.ca\/fr\/teinture-patio\/","og_site_name":"International Floors","article_modified_time":"2023-11-07T12:09:35+00:00","og_image":[{"url":"https:\/\/internationalfloors.ca\/wp-content\/uploads\/deck-staining-before.jpg","type":"","width":"","height":""}],"twitter_card":"summary_large_image","twitter_misc":{"Estimation du temps de lecture":"3 minutes"},"schema":{"@context":"https:\/\/schema.org","@graph":[{"@type":"WebPage","@id":"https:\/\/internationalfloors.ca\/fr\/teinture-patio\/","url":"https:\/\/internationalfloors.ca\/fr\/teinture-patio\/","name":"Teinture de Patio | Peinture de Patio | Planchers International","isPartOf":{"@id":"https:\/\/internationalfloors.ca\/fr\/#website"},"primaryImageOfPage":{"@id":"https:\/\/internationalfloors.ca\/fr\/teinture-patio\/#primaryimage"},"image":{"@id":"https:\/\/internationalfloors.ca\/fr\/teinture-patio\/#primaryimage"},"thumbnailUrl":"https:\/\/internationalfloors.ca\/wp-content\/uploads\/deck-staining-before.jpg","datePublished":"2023-09-28T18:03:32+00:00","dateModified":"2023-11-07T12:09:35+00:00","description":"Prot\u00e9gez votre terrasse tout en lui donnant un look magnifique gr\u00e2ce \u00e0 notre expertise en teinture de terrasse et patio. Soumission gratuite.","breadcrumb":{"@id":"https:\/\/internationalfloors.ca\/fr\/teinture-patio\/#breadcrumb"},"inLanguage":"fr-CA","potentialAction":[{"@type":"ReadAction","target":["https:\/\/internationalfloors.ca\/fr\/teinture-patio\/"]}]},{"@type":"ImageObject","inLanguage":"fr-CA","@id":"https:\/\/internationalfloors.ca\/fr\/teinture-patio\/#primaryimage","url":"https:\/\/internationalfloors.ca\/wp-content\/uploads\/deck-staining-before.jpg","contentUrl":"https:\/\/internationalfloors.ca\/wp-content\/uploads\/deck-staining-before.jpg"},{"@type":"BreadcrumbList","@id":"https:\/\/internationalfloors.ca\/fr\/teinture-patio\/#breadcrumb","itemListElement":[{"@type":"ListItem","position":1,"name":"Home","item":"https:\/\/internationalfloors.ca\/fr\/"},{"@type":"ListItem","position":2,"name":"Patio"}]},{"@type":"WebSite","@id":"https:\/\/internationalfloors.ca\/fr\/#website","url":"https:\/\/internationalfloors.ca\/fr\/","name":"International Floors","description":"","potentialAction":[{"@type":"SearchAction","target":{"@type":"EntryPoint","urlTemplate":"https:\/\/internationalfloors.ca\/fr\/?s={search_term_string}"},"query-input":{"@type":"PropertyValueSpecification","valueRequired":true,"valueName":"search_term_string"}}],"inLanguage":"fr-CA"}]}},"_links":{"self":[{"href":"https:\/\/internationalfloors.ca\/fr\/wp-json\/wp\/v2\/pages\/1616","targetHints":{"allow":["GET"]}}],"collection":[{"href":"https:\/\/internationalfloors.ca\/fr\/wp-json\/wp\/v2\/pages"}],"about":[{"href":"https:\/\/internationalfloors.ca\/fr\/wp-json\/wp\/v2\/types\/page"}],"author":[{"embeddable":true,"href":"https:\/\/internationalfloors.ca\/fr\/wp-json\/wp\/v2\/users\/2"}],"replies":[{"embeddable":true,"href":"https:\/\/internationalfloors.ca\/fr\/wp-json\/wp\/v2\/comments?post=1616"}],"version-history":[{"count":9,"href":"https:\/\/internationalfloors.ca\/fr\/wp-json\/wp\/v2\/pages\/1616\/revisions"}],"predecessor-version":[{"id":1760,"href":"https:\/\/internationalfloors.ca\/fr\/wp-json\/wp\/v2\/pages\/1616\/revisions\/1760"}],"wp:attachment":[{"href":"https:\/\/internationalfloors.ca\/fr\/wp-json\/wp\/v2\/media?parent=1616"}],"curies":[{"name":"wp","href":"https:\/\/api.w.org\/{rel}","templated":true}]}}